{"id":46,"date":"2025-12-08T08:50:44","date_gmt":"2025-12-08T08:50:44","guid":{"rendered":"https:\/\/almanyaevlilikfali.com.tr\/?page_id=46"},"modified":"2025-12-08T09:02:23","modified_gmt":"2025-12-08T09:02:23","slug":"katina-ask-fali","status":"publish","type":"page","link":"https:\/\/almanyaevlilikfali.com.tr\/?page_id=46","title":{"rendered":"Katina  a\u015fk fal\u0131"},"content":{"rendered":"\n<h1 class=\"wp-block-heading\"><strong>\u2728 Katina A\u015fk Fal\u0131 Nedir? Ger\u00e7ek A\u015fk\u0131n Yol Haritas\u0131n\u0131 G\u00f6steren En G\u00fc\u00e7l\u00fc Fal Y\u00f6ntemi<\/strong><\/h1>\n\n\n\n<p>A\u015fk hayat\u0131nda belirsizlikler, duygusal \u00e7\u0131kmazlar veya ili\u015fkiyle ilgili merak edilen sorular varsa, Katina A\u015fk Fal\u0131 son d\u00f6nemlerin en g\u00fc\u00e7l\u00fc rehberlerinden biri olarak \u00f6ne \u00e7\u0131k\u0131yor. <strong>Katina Deste Fal\u0131<\/strong>, tamamen ili\u015fkilere ve duygusal ba\u011flara \u00f6zel haz\u0131rlanm\u0131\u015f bir fal t\u00fcr\u00fcd\u00fcr. A\u015fk\u0131n y\u00f6n\u00fcn\u00fc, partnerin ger\u00e7ek d\u00fc\u015f\u00fcncelerini, gelecekteki olay ak\u0131\u015f\u0131n\u0131 ve ruh e\u015fli\u011fi ba\u011flar\u0131n\u0131 derin \u015fekilde ele al\u0131r.<\/p>\n\n\n\n<p>Di\u011fer tarot veya kahve fallar\u0131ndan farkl\u0131 olarak, Katina fal\u0131n\u0131n tamam\u0131 <strong>a\u015fk \u00fczerine kuruludur<\/strong>. Bu nedenle ili\u015fkilerde ya\u015fanan karma\u015fay\u0131 \u00e7\u00f6z\u00fcmlerken olduk\u00e7a net ve nokta at\u0131\u015f\u0131 bilgiler verebilir.<\/p>\n\n\n\n<hr class=\"wp-block-separator has-alpha-channel-opacity\"\/>\n\n\n\n<h2 class=\"wp-block-heading\">\u2764\ufe0f <strong>Katina Fal\u0131 Nas\u0131l Do\u011fdu?<\/strong><\/h2>\n\n\n\n<p>Katina Fal\u0131, Yunan k\u00fclt\u00fcr\u00fcnden g\u00fcn\u00fcm\u00fcze gelmi\u015f, a\u015fk\u0131 sembollerle anlatan bir fald\u0131r. Fala ad\u0131n\u0131 veren \u201cKatina\u201d, a\u015fk ac\u0131lar\u0131yla dolu bir ya\u015fam hik\u00e2yesine sahip bir kad\u0131nd\u0131r ve duygular\u0131 \u00e7\u00f6z\u00fcmlemedeki g\u00fc\u00e7l\u00fc sezgileriyle \u00fcn kazanm\u0131\u015ft\u0131r. Bug\u00fcn kullan\u0131lan kartlar da onun ya\u015fanm\u0131\u015fl\u0131klar\u0131n\u0131, duygular\u0131n\u0131 ve tecr\u00fcbelerini sembollerle anlat\u0131r.<\/p>\n\n\n\n<p>Bu nedenle Katina fal\u0131 olduk\u00e7a <strong>ger\u00e7ek\u00e7i, duygusal ve sezgisel<\/strong> bir fal t\u00fcr\u00fcd\u00fcr.<\/p>\n\n\n\n<hr class=\"wp-block-separator has-alpha-channel-opacity\"\/>\n\n\n\n<h2 class=\"wp-block-heading\">\ud83d\udc8c <strong>Katina A\u015fk Fal\u0131 Size Neler S\u00f6yler?<\/strong><\/h2>\n\n\n\n<p>Katina fal\u0131; sadece gelecekte ne olaca\u011f\u0131n\u0131 de\u011fil, ayn\u0131 zamanda ili\u015fkinin enerjisini, partnerin yakla\u015f\u0131m\u0131n\u0131 ve kader d\u00f6ng\u00fclerini de yorumlar. Fal s\u0131ras\u0131nda genellikle \u015fu sorular yan\u0131t bulur:<\/p>\n\n\n\n<h3 class=\"wp-block-heading\">\u2714 Partner benim i\u00e7in ne hissediyor?<\/h3>\n\n\n\n<h3 class=\"wp-block-heading\">\u2714 Bar\u0131\u015fma, geri d\u00f6nme, ileti\u015fim olur mu?<\/h3>\n\n\n\n<h3 class=\"wp-block-heading\">\u2714 Evlilik var m\u0131?<\/h3>\n\n\n\n<h3 class=\"wp-block-heading\">\u2714 Aram\u0131zdaki engel nedir?<\/h3>\n\n\n\n<h3 class=\"wp-block-heading\">\u2714 \u00dc\u00e7\u00fcnc\u00fc ki\u015fi var m\u0131?<\/h3>\n\n\n\n<h3 class=\"wp-block-heading\">\u2714 Bitmi\u015f ili\u015fki tekrar ba\u015flar m\u0131?<\/h3>\n\n\n\n<h3 class=\"wp-block-heading\">\u2714 Kad\u0131n\u2013erkek enerjileri nas\u0131l ilerliyor?<\/h3>\n\n\n\n<p>Bu fal \u00f6zellikle <strong>ayr\u0131l\u0131k, aldatma, so\u011fuma, kopukluk, belirsizlik ve platonik<\/strong> gibi durumlarda \u00e7ok g\u00fc\u00e7l\u00fc mesajlar verir.<\/p>\n","protected":false},"excerpt":{"rendered":"<p>\u2728 Katina A\u015fk Fal\u0131 Nedir? Ger\u00e7ek A\u015fk\u0131n Yol Haritas\u0131n\u0131 G\u00f6steren En G\u00fc\u00e7l\u00fc Fal Y\u00f6ntemi A\u015fk hayat\u0131nda belirsizlikler, duygusal \u00e7\u0131kmazlar veya ili\u015fkiyle ilgili merak edilen sorular varsa, Katina A\u015fk Fal\u0131 son d\u00f6nemlerin en g\u00fc\u00e7l\u00fc rehberlerinden biri olarak \u00f6ne \u00e7\u0131k\u0131yor. Katina Deste Fal\u0131, tamamen ili\u015fkilere ve duygusal ba\u011flara \u00f6zel haz\u0131rlanm\u0131\u015f bir fal t\u00fcr\u00fcd\u00fcr. A\u015fk\u0131n y\u00f6n\u00fcn\u00fc, partnerin ger\u00e7ek [&hellip;]<\/p>\n","protected":false},"author":1,"featured_media":0,"parent":0,"menu_order":0,"comment_status":"closed","ping_status":"closed","template":"","meta":{"footnotes":""},"class_list":["post-46","page","type-page","status-publish","hentry"],"_links":{"self":[{"href":"https:\/\/almanyaevlilikfali.com.tr\/index.php?rest_route=\/wp\/v2\/pages\/46","targetHints":{"allow":["GET"]}}],"collection":[{"href":"https:\/\/almanyaevlilikfali.com.tr\/index.php?rest_route=\/wp\/v2\/pages"}],"about":[{"href":"https:\/\/almanyaevlilikfali.com.tr\/index.php?rest_route=\/wp\/v2\/types\/page"}],"author":[{"embeddable":true,"href":"https:\/\/almanyaevlilikfali.com.tr\/index.php?rest_route=\/wp\/v2\/users\/1"}],"replies":[{"embeddable":true,"href":"https:\/\/almanyaevlilikfali.com.tr\/index.php?rest_route=%2Fwp%2Fv2%2Fcomments&post=46"}],"version-history":[{"count":2,"href":"https:\/\/almanyaevlilikfali.com.tr\/index.php?rest_route=\/wp\/v2\/pages\/46\/revisions"}],"predecessor-version":[{"id":58,"href":"https:\/\/almanyaevlilikfali.com.tr\/index.php?rest_route=\/wp\/v2\/pages\/46\/revisions\/58"}],"wp:attachment":[{"href":"https:\/\/almanyaevlilikfali.com.tr\/index.php?rest_route=%2Fwp%2Fv2%2Fmedia&parent=46"}],"curies":[{"name":"wp","href":"https:\/\/api.w.org\/{rel}","templated":true}]}}