{"id":18,"date":"2025-12-08T08:49:25","date_gmt":"2025-12-08T08:49:25","guid":{"rendered":"https:\/\/almanyaevlilikfali.com.tr\/?page_id=18"},"modified":"2025-12-08T08:53:57","modified_gmt":"2025-12-08T08:53:57","slug":"iletisim","status":"publish","type":"page","link":"https:\/\/almanyaevlilikfali.com.tr\/?page_id=18","title":{"rendered":"\u0130leti\u015fim"},"content":{"rendered":"\n<h1 class=\"wp-block-heading\"><strong>\ud83d\udccc \u0130leti\u015fim<\/strong><\/h1>\n\n\n\n<p>Sorular\u0131n\u0131z, fal talepleriniz ve dan\u0131\u015fmanl\u0131k hizmetlerimiz hakk\u0131nda bizimle her zaman ileti\u015fime ge\u00e7ebilirsiniz.<br>Falcidila olarak 7\/24 aktif WhatsApp destek hatt\u0131m\u0131z \u00fczerinden h\u0131zl\u0131 ve g\u00fcvenilir \u015fekilde yan\u0131n\u0131zday\u0131z.<\/p>\n\n\n\n<p><strong>\ud83d\udcf2 WhatsApp \u0130leti\u015fim Hatt\u0131:<\/strong><br><strong>+90 531 848 83 59<\/strong><\/p>\n\n\n\n<p>Fal g\u00f6nderimi, foto\u011fraf iletimi, \u00f6deme bilgisi ve t\u00fcm s\u00fcre\u00e7ler i\u00e7in bu numaradan bize ula\u015fabilirsiniz.<br>Mesajlar\u0131n\u0131za en k\u0131sa s\u00fcrede d\u00f6n\u00fc\u015f yap\u0131lacakt\u0131r.<\/p>\n\n\n\n<p>Sevgi ve \u0131\u015f\u0131kla,<br><strong>Falcidila \u2013 Online Fal &amp; Spirit\u00fcel Dan\u0131\u015fmanl\u0131k<\/strong><\/p>\n","protected":false},"excerpt":{"rendered":"<p>\ud83d\udccc \u0130leti\u015fim Sorular\u0131n\u0131z, fal talepleriniz ve dan\u0131\u015fmanl\u0131k hizmetlerimiz hakk\u0131nda bizimle her zaman ileti\u015fime ge\u00e7ebilirsiniz.Falcidila olarak 7\/24 aktif WhatsApp destek hatt\u0131m\u0131z \u00fczerinden h\u0131zl\u0131 ve g\u00fcvenilir \u015fekilde yan\u0131n\u0131zday\u0131z. \ud83d\udcf2 WhatsApp \u0130leti\u015fim Hatt\u0131:+90 531 848 83 59 Fal g\u00f6nderimi, foto\u011fraf iletimi, \u00f6deme bilgisi ve t\u00fcm s\u00fcre\u00e7ler i\u00e7in bu numaradan bize ula\u015fabilirsiniz.Mesajlar\u0131n\u0131za en k\u0131sa s\u00fcrede d\u00f6n\u00fc\u015f yap\u0131lacakt\u0131r. Sevgi ve [&hellip;]<\/p>\n","protected":false},"author":1,"featured_media":0,"parent":0,"menu_order":0,"comment_status":"closed","ping_status":"closed","template":"","meta":{"footnotes":""},"class_list":["post-18","page","type-page","status-publish","hentry"],"_links":{"self":[{"href":"https:\/\/almanyaevlilikfali.com.tr\/index.php?rest_route=\/wp\/v2\/pages\/18","targetHints":{"allow":["GET"]}}],"collection":[{"href":"https:\/\/almanyaevlilikfali.com.tr\/index.php?rest_route=\/wp\/v2\/pages"}],"about":[{"href":"https:\/\/almanyaevlilikfali.com.tr\/index.php?rest_route=\/wp\/v2\/types\/page"}],"author":[{"embeddable":true,"href":"https:\/\/almanyaevlilikfali.com.tr\/index.php?rest_route=\/wp\/v2\/users\/1"}],"replies":[{"embeddable":true,"href":"https:\/\/almanyaevlilikfali.com.tr\/index.php?rest_route=%2Fwp%2Fv2%2Fcomments&post=18"}],"version-history":[{"count":2,"href":"https:\/\/almanyaevlilikfali.com.tr\/index.php?rest_route=\/wp\/v2\/pages\/18\/revisions"}],"predecessor-version":[{"id":53,"href":"https:\/\/almanyaevlilikfali.com.tr\/index.php?rest_route=\/wp\/v2\/pages\/18\/revisions\/53"}],"wp:attachment":[{"href":"https:\/\/almanyaevlilikfali.com.tr\/index.php?rest_route=%2Fwp%2Fv2%2Fmedia&parent=18"}],"curies":[{"name":"wp","href":"https:\/\/api.w.org\/{rel}","templated":true}]}}